{"id":1581,"date":"2019-06-05T14:14:35","date_gmt":"2019-06-05T12:14:35","guid":{"rendered":"http:\/\/www.classicalguitar.de\/?page_id=1581"},"modified":"2020-07-21T16:50:15","modified_gmt":"2020-07-21T14:50:15","slug":"impressum","status":"publish","type":"page","link":"https:\/\/www.classicalguitar.de\/en\/impressum\/","title":{"rendered":"Legal Notice"},"content":{"rendered":"<p>[et_pb_section fb_built=&#8221;1&#8243; _builder_version=&#8221;3.0.98&#8243; background_color=&#8221;#fffddc&#8221;][et_pb_row _builder_version=&#8221;3.0.47&#8243; background_size=&#8221;initial&#8221; background_position=&#8221;top_left&#8221; background_repeat=&#8221;repeat&#8221;][et_pb_column type=&#8221;1_3&#8243; _builder_version=&#8221;3.0.47&#8243; parallax=&#8221;off&#8221; parallax_method=&#8221;on&#8221;][et_pb_image src=&#8221;http:\/\/www.classicalguitar.de\/wp-content\/uploads\/2018\/07\/Kulturpreis2015-L-5520-250.jpg&#8221; align=&#8221;right&#8221; _builder_version=&#8221;3.10.1&#8243; border_width_all=&#8221;1px&#8221; border_color_all=&#8221;#e7ab37&#8243;][\/et_pb_image][\/et_pb_column][et_pb_column type=&#8221;2_3&#8243; _builder_version=&#8221;3.0.47&#8243; parallax=&#8221;off&#8221; parallax_method=&#8221;on&#8221;][et_pb_text _builder_version=&#8221;3.0.98&#8243;]Klaus J\u00e4ckle<br \/>\nF\u00fcrther Stra\u00dfe 12<br \/>\nD 90429 N\u00fcrnberg<\/p>\n<p>Telefon: 0911 \u2013 647 3169<\/p>\n<p>E-Mail: <a href=\"mailto:info@classicalguitar.de\"><strong>info@classicalguitar.de<\/strong><\/a><br \/>\nInternet: <a href=\"..\/..\/\"><strong>www.classicalguitar.de<\/strong><\/a><\/p>\n<p>Inhaltlich Verantwortlicher gem\u00e4\u00df \u00a7 55 Abs. 2 RStV:<br \/>\nKlaus J\u00e4ckle, Anschrift wie oben<\/p>\n<p>Gestaltung: <strong><a href=\"http:\/\/www.edition-k.de\">edition k, Friedrich Kehrer<br \/>\n<\/a><\/strong>Erstellt mit WordPress \/ Divi Theme<\/p>\n<p>Haftungshinweis: Trotz sorgf\u00e4ltiger inhaltlicher Kontrolle \u00fcbernehme ich keine Haftung f\u00fcr die Inhalte externer Links. F\u00fcr den Inhalt der verlinkten Seiten sind ausschlie\u00dflich deren Betreiber verantwortlich. Der Zugang und die Benutzung dieser Website und damit verbundener oder durch Links verkn\u00fcpfter Websites erfolgt auf eigene Gefahr des Benutzers. Schadensersatzforderungen und M\u00e4ngelanspr\u00fcche aufgrund fehlender oder falscher Angaben sind ausgeschlossen. Klaus J\u00e4ckle ist nicht verantwortlich und \u00fcbernimmt keine Haftung f\u00fcr Sch\u00e4den jeder Art, auch f\u00fcr indirekte Sch\u00e4den oder Folgesch\u00e4den, die durch den Zugang oder die Benutzung dieser Website oder damit verbundener oder durch Links verkn\u00fcpfter Websites aufgetreten sind.<br \/>\n[\/et_pb_text][\/et_pb_column][\/et_pb_row][\/et_pb_section]<\/p>\n","protected":false},"excerpt":{"rendered":"<p>Klaus J\u00e4ckle F\u00fcrther Stra\u00dfe 12 D 90429 N\u00fcrnberg Telefon: 0911 \u2013 647 3169 E-Mail: info@classicalguitar.de Internet: www.classicalguitar.de Inhaltlich Verantwortlicher gem\u00e4\u00df \u00a7 55 Abs. 2 RStV: Klaus J\u00e4ckle, Anschrift wie oben Gestaltung: edition k, Friedrich Kehrer Erstellt mit WordPress \/ Divi Theme Haftungshinweis: Trotz sorgf\u00e4ltiger inhaltlicher Kontrolle \u00fcbernehme ich keine Haftung f\u00fcr die Inhalte externer Links. [&hellip;]<\/p>\n","protected":false},"author":1,"featured_media":0,"parent":0,"menu_order":0,"comment_status":"closed","ping_status":"closed","template":"","meta":{"_et_pb_use_builder":"on","_et_pb_old_content":"","_et_gb_content_width":"","footnotes":""},"_links":{"self":[{"href":"https:\/\/www.classicalguitar.de\/en\/wp-json\/wp\/v2\/pages\/1581"}],"collection":[{"href":"https:\/\/www.classicalguitar.de\/en\/wp-json\/wp\/v2\/pages"}],"about":[{"href":"https:\/\/www.classicalguitar.de\/en\/wp-json\/wp\/v2\/types\/page"}],"author":[{"embeddable":true,"href":"https:\/\/www.classicalguitar.de\/en\/wp-json\/wp\/v2\/users\/1"}],"replies":[{"embeddable":true,"href":"https:\/\/www.classicalguitar.de\/en\/wp-json\/wp\/v2\/comments?post=1581"}],"version-history":[{"count":2,"href":"https:\/\/www.classicalguitar.de\/en\/wp-json\/wp\/v2\/pages\/1581\/revisions"}],"predecessor-version":[{"id":1593,"href":"https:\/\/www.classicalguitar.de\/en\/wp-json\/wp\/v2\/pages\/1581\/revisions\/1593"}],"wp:attachment":[{"href":"https:\/\/www.classicalguitar.de\/en\/wp-json\/wp\/v2\/media?parent=1581"}],"curies":[{"name":"wp","href":"https:\/\/api.w.org\/{rel}","templated":true}]}}