{"id":1585,"date":"2019-06-05T14:16:06","date_gmt":"2019-06-05T12:16:06","guid":{"rendered":"http:\/\/www.classicalguitar.de\/?page_id=1585"},"modified":"2019-06-05T14:16:06","modified_gmt":"2019-06-05T12:16:06","slug":"repertoire","status":"publish","type":"page","link":"https:\/\/www.classicalguitar.de\/en\/repertoire\/","title":{"rendered":"Repertoire"},"content":{"rendered":"<p>[et_pb_section fb_built=&#8221;1&#8243; _builder_version=&#8221;3.0.98&#8243; background_color=&#8221;#fffddc&#8221;][et_pb_row _builder_version=&#8221;3.0.47&#8243; background_size=&#8221;initial&#8221; background_position=&#8221;top_left&#8221; background_repeat=&#8221;repeat&#8221;][et_pb_column type=&#8221;1_3&#8243; _builder_version=&#8221;3.0.47&#8243;][et_pb_text _builder_version=&#8221;3.0.98&#8243;]<\/p>\n<h2 style=\"text-align: right;\">Allgemeines<\/h2>\n<p>[\/et_pb_text][et_pb_image src=&#8221;http:\/\/www.classicalguitar.de\/wp-content\/uploads\/2018\/07\/PIC00980-250.jpg&#8221; align=&#8221;right&#8221; _builder_version=&#8221;3.10.1&#8243; border_width_all=&#8221;1px&#8221; border_color_all=&#8221;#e7ab37&#8243;]<br \/>\n[\/et_pb_image][\/et_pb_column][et_pb_column type=&#8221;2_3&#8243; _builder_version=&#8221;3.0.47&#8243;][et_pb_text _builder_version=&#8221;3.10.1&#8243;]<\/p>\n<p>Musikalische Vielseitigkeit geh\u00f6rt zu Klaus J\u00e4ckles Pers\u00f6nlichkeit. Neben einem Querschnitt aus dem gesamten klassischen Konzertrepertoire f\u00fcr Gitarre mit Schwerpunkt spanischer und s\u00fcdamerikanischer Gitarrenmusik f\u00fcr Gitarre solo von Mudarra, Alb\u00e9niz und <strong><a href=\"http:\/\/www.joaquin-rodrigo.com\/\" target=\"_blank\" rel=\"noopener noreferrer\">Rodrigo<\/a><\/strong> bis Flamenco spielt die Kammermusik eine wichtige Rolle: in Duobesetzungen wie Fl\u00f6te und Gitarre, Gesang und Gitarre, dokumentiert auf mehreren CD- und Rundfunkaufnahmen oder als Mitglied des Spanish Art Guitar Quartet mit Klaus Feldmann, Heike Matthiesen und Brigitte Breitkreuz bzw. Rainer Feldmann.<\/p>\n<p>Ebenso kann er im Programm mit Deutschlands erfolgreichsten Gesangsduo <a href=\"http:\/\/www.marshallalexander.de\/\" target=\"_blank\" rel=\"noopener noreferrer\"><strong>Marshall &amp; Alexander<\/strong><\/a> ein ganzes Orchester ersetzen und begeistert damit in inzwischen mehreren hundert Konzerten an die 100 000 Konzertbesuchern in ganz Deutschland.<\/p>\n<p>Weitere Kammermusikpartner sind und waren Irena Grafenauer, Fl\u00f6te, Tabea Zimmermann, Viola, Los Romeros, Gewandhausquartett Leipzig und viele andere gute Musikerfreunde&#8230;<\/p>\n<p>Hier finden Sie einige aktuelle Programme zum Download:<\/p>\n<p>[\/et_pb_text][\/et_pb_column][\/et_pb_row][\/et_pb_section][et_pb_section fb_built=&#8221;1&#8243; _builder_version=&#8221;3.0.98&#8243; background_color=&#8221;#fffddc&#8221; border_width_top=&#8221;1px&#8221; border_color_top=&#8221;#e7ab37&#8243;][et_pb_row _builder_version=&#8221;3.0.47&#8243; background_size=&#8221;initial&#8221; background_position=&#8221;top_left&#8221; background_repeat=&#8221;repeat&#8221;][et_pb_column type=&#8221;1_3&#8243; _builder_version=&#8221;3.0.47&#8243;][et_pb_text _builder_version=&#8221;3.0.98&#8243;]<\/p>\n<h2 style=\"text-align: right;\">Solo<\/h2>\n<p>[\/et_pb_text][et_pb_image src=&#8221;http:\/\/www.classicalguitar.de\/wp-content\/uploads\/2018\/07\/DSCF2022a-250.jpg&#8221; align=&#8221;right&#8221; _builder_version=&#8221;3.10.1&#8243; border_width_all=&#8221;1px&#8221; border_color_all=&#8221;#e7ab37&#8243; max_width_tablet=&#8221;80%&#8221; max_width_phone=&#8221;100%&#8221; max_width_last_edited=&#8221;on|desktop&#8221; custom_margin=&#8221;50px|||&#8221;]<br \/>\n[\/et_pb_image][\/et_pb_column][et_pb_column type=&#8221;2_3&#8243; _builder_version=&#8221;3.0.47&#8243;][et_pb_text _builder_version=&#8221;3.10.1&#8243;]<strong>Classical Guitar Pops<\/strong> \u2013 Wer kennt sie nicht, die Superhits Popcorn, die gef\u00fchlvolle Ballade Samba pa ti oder Chatanooga Choo Choo? Interpretiert von \u201eeinem der weltbesten Gitarristen\u201c: Klaus J\u00e4ckle, erf\u00e4hrt man neues \u00fcber diese unsterblichen Melodien. Kaum ein anderer Musiker ist in der Lage, wie die Presse schreibt: \u00bbPoesie und Leidenschaft zugleich\u00ab in die Musik zu legen. So erleben wir bei den Evergreens unerh\u00f6rte Kl\u00e4nge. Sein neues Soloprogramm umfasst neben eigenen St\u00fccken, die Klassiker der spanischen Gitarre wie Asturias, bis hin zu popul\u00e4ren Kompositionen wie Dave Brubecks Take Five. Lesen Sie was die Presse zur Premiere mit Yogo Pausch, perc, schrieb: <a href=\"http:\/\/www.classicalguitar.de\/downloads\/cgpkritik.pdf\" target=\"_blank\" rel=\"noopener noreferrer\"><strong>Classical Guitar Pops<\/strong><\/a><br \/>\nOder \u00fcber die Auftaktveranstaltung des Vereins Saitenwirbel in Schwabach <strong><a href=\"http:\/\/www.classicalguitar.de\/downloads\/pressecgpschwabach.pdf\" target=\"_blank\" rel=\"noopener noreferrer\">Classical Guitar Pops 2<\/a><\/strong><\/p>\n<p><strong>Recital<\/strong> \u2013 ein klassisch gemischtes Programm aus St\u00fccken die ich gerne spiele, spanisches, klassisches modernes, eigenes&#8230;von Bach bis J\u00e4ckle <strong><a href=\"http:\/\/www.classicalguitar.de\/downloads\/recital.pdf\" target=\"_blank\" rel=\"noopener noreferrer\">pdf<\/a><\/strong><\/p>\n<p><strong>Romanza latina<\/strong> \u2013 angeregt durch eine Schiffsreise auf der MS Deutschland von Valparaiso (Chile) nach Buenos Aires (Argentinien) rund um das Kap Hoorn entstand dieses Programm mit s\u00fcdamerikanischer Gitarrenmusik, Songs von Don McLean, Bob Dylan und Texten von Pablo Neruda <strong><a href=\"http:\/\/www.classicalguitar.de\/downloads\/romanzalatina.pdf\" target=\"_blank\" rel=\"noopener noreferrer\">pdf<\/a><\/strong><\/p>\n<p><strong>Romanza espa\u00f1ola<\/strong> &#8211; spanische Gitarrenmusik pur&#8230;<strong><a href=\"http:\/\/www.classicalguitar.de\/downloads\/romanzaespanola.pdf\" target=\"_blank\" rel=\"noopener noreferrer\">pdf<\/a><\/strong><\/p>\n<p><strong>Elogio de la Guitarra<\/strong> &#8211; ein Loblied auf die Gitarre, ein effektvolles Feuerwerk an klassischer Gitarrenmusik <strong><a href=\"http:\/\/www.classicalguitar.de\/downloads\/elogio.pdf\" target=\"_blank\" rel=\"noopener noreferrer\">pdf<\/a><\/strong><br \/>\n[\/et_pb_text][\/et_pb_column][\/et_pb_row][\/et_pb_section][et_pb_section fb_built=&#8221;1&#8243; _builder_version=&#8221;3.0.98&#8243; background_color=&#8221;#fffddc&#8221; border_width_top=&#8221;1px&#8221; border_color_top=&#8221;#e7ab37&#8243;][et_pb_row _builder_version=&#8221;3.0.47&#8243; background_size=&#8221;initial&#8221; background_position=&#8221;top_left&#8221; background_repeat=&#8221;repeat&#8221;][et_pb_column type=&#8221;1_3&#8243; _builder_version=&#8221;3.0.47&#8243;][et_pb_text _builder_version=&#8221;3.0.98&#8243; inline_fonts=&#8221;Acme&#8221;]<\/p>\n<h2 style=\"text-align: right;\">Solo mit Orchester<\/h2>\n<p>[\/et_pb_text][et_pb_image src=&#8221;http:\/\/www.classicalguitar.de\/wp-content\/uploads\/2018\/07\/Baden-Baden_4-10-15-250.jpg&#8221; align=&#8221;right&#8221; _builder_version=&#8221;3.10.1&#8243; border_width_all=&#8221;1px&#8221; border_color_all=&#8221;#e7ab37&#8243; max_width_tablet=&#8221;80%&#8221; max_width_last_edited=&#8221;on|tablet&#8221; module_alignment=&#8221;right&#8221; custom_margin=&#8221;50px|||&#8221;]<br \/>\n[\/et_pb_image][\/et_pb_column][et_pb_column type=&#8221;2_3&#8243; _builder_version=&#8221;3.0.47&#8243;][et_pb_text _builder_version=&#8221;3.10.1&#8243;]<strong>Rodrigo:<\/strong> Concierto de Aranjuez, Concierto para una fiesta<\/p>\n<p><strong>Castelnuovo-Tedesco:<\/strong> Concerto Nr. 1 D-Dur, op.99<\/p>\n<p><strong>Villa-Lobos:<\/strong> Concerto<br \/>\nweitere Infos und Ideen <strong><a href=\"http:\/\/www.classicalguitar.de\/downloads\/reporchester.pdf\" target=\"_blank\" rel=\"noopener noreferrer\">pdf<\/a><\/strong><br \/>\n[\/et_pb_text][\/et_pb_column][\/et_pb_row][\/et_pb_section][et_pb_section fb_built=&#8221;1&#8243; _builder_version=&#8221;3.19.15&#8243; background_color=&#8221;#fffddc&#8221; border_width_top=&#8221;1px&#8221; border_color_top=&#8221;#e7ab37&#8243; link_option_url_new_window=&#8221;on&#8221;][et_pb_row _builder_version=&#8221;3.19.15&#8243; background_size=&#8221;initial&#8221; background_position=&#8221;top_left&#8221; background_repeat=&#8221;repeat&#8221; link_option_url_new_window=&#8221;on&#8221;][et_pb_column type=&#8221;1_3&#8243; _builder_version=&#8221;3.0.47&#8243;][et_pb_text _builder_version=&#8221;3.0.98&#8243; inline_fonts=&#8221;Acme&#8221;]<\/p>\n<h2 style=\"text-align: right;\">Duos<\/h2>\n<p>[\/et_pb_text][et_pb_image src=&#8221;http:\/\/www.classicalguitar.de\/wp-content\/uploads\/2018\/05\/Klaus-jaeckle-Duo-7413-1.jpg&#8221; align=&#8221;right&#8221; _builder_version=&#8221;3.10.1&#8243; max_width_tablet=&#8221;80%&#8221; max_width_last_edited=&#8221;on|tablet&#8221; module_alignment=&#8221;right&#8221; custom_margin=&#8221;40px|||&#8221;]<br \/>\n[\/et_pb_image][et_pb_image src=&#8221;http:\/\/www.classicalguitar.de\/wp-content\/uploads\/2018\/07\/01_Winterreise-250.jpg&#8221; align=&#8221;right&#8221; _builder_version=&#8221;3.19.15&#8243; max_width_tablet=&#8221;80%&#8221; max_width_last_edited=&#8221;on|tablet&#8221; module_alignment=&#8221;right&#8221; custom_margin=&#8221;40px|||&#8221;]<br \/>\n[\/et_pb_image][\/et_pb_column][et_pb_column type=&#8221;2_3&#8243; _builder_version=&#8221;3.0.47&#8243;][et_pb_text _builder_version=&#8221;3.19.15&#8243; link_option_url_new_window=&#8221;on&#8221;]<\/p>\n<p style=\"margin-bottom: 0cm;\"><b>Violoncello und Gitarre <\/b><br \/>\nAnna Lenda, Violoncello &#8211; Klaus J\u00e4ckle, Gitarre<\/p>\n<p style=\"margin-bottom: 0cm;\"><span style=\"font-weight: normal;\">Das <b>Duo Esculando<\/b> bietet ein virtuoses und romantisches Wechselspiel zwischen Violoncello und Gitarre: unerh\u00f6rt, geistreich und phantasievoll im \u201eSommer\u201cvon Antonio Vivaldi (aus den Vier Jahreszeiten), ein \u201eAranjuez por Bulerias\u201c Flamenco, sowie weitere eigens arrangierte Werke von Fr\u00e9d\u00e9ric Chopin (Polonaise Brillante), Tschaikowsky und Saint-Saens. <\/span><strong><a href=\"http:\/\/www.classicalguitar.de\/downloads\/Esculando_BAD2015.pdf\" target=\"_blank\" rel=\"noopener noreferrer\">Presse<\/a><\/strong><\/p>\n<p align=\"LEFT\"><b>Fl\u00f6te und Gitarre<\/b><br \/>\nWerke von Bach bis Piazzolla: Aktuelle Programme mit Wolfgang Auer, Fl\u00f6te, siehe unter <a href=\"http:\/\/www.duo-auer-jaeckle.de\/\" target=\"_blank\" rel=\"noopener noreferrer\"><strong>Duo-Auer-J\u00e4ckle<\/strong><\/a><\/p>\n<p>Jardin des Sentiments: Franz\u00f6sische Musik von Faur\u00e9, Franck, Saint-Saens u.a.<br \/>\nmit Charlotte Kinateder, Fl\u00f6te, siehe unter <a href=\"http:\/\/www.ckj-music.de\/\" target=\"_blank\" rel=\"noopener noreferrer\"><strong>ckj-music<\/strong><\/a><\/p>\n<p><b>Gesang und Gitarre<\/b><br \/>\nLieder von Purcell, Dowland, Mozart, Giulani, Schubert, Brahms, de Falla, Lorca, Turina, Rodrigo, Britten<br \/>\nMit den S\u00e4ngerinnen <strong><a href=\"http:\/\/www.renate-bergmann.com\/\" target=\"_blank\" rel=\"noopener noreferrer\">Renate Bergmann<\/a><\/strong>, Sopran, <a href=\"http:\/\/www.melanie-hirsch.de\/html\/home.html\" target=\"_blank\" rel=\"noopener noreferrer\"><strong>Melanie Hirsch<\/strong><\/a>, Sopran, <a href=\"http:\/\/www.margittarosales.com\/\" target=\"_blank\" rel=\"noopener noreferrer\"><strong>Margitta Rosales<\/strong><\/a>, Sopran, <a href=\"http:\/\/www.monika-teepe.de\/\" target=\"_blank\" rel=\"noopener noreferrer\"><strong>Monika Teepe<\/strong><\/a>, Sopran,<\/p>\n<p><strong>Franz Schubert: Winterreise<\/strong> mit Tilman Lichdi, Tenor, f\u00fcr Gitarre bearbeitet von Klaus J\u00e4ckle<\/p>\n<p><strong>Franz Schubert: Die sch\u00f6ne M\u00fcllerin<\/strong> mit Tilman Lichdi, Tenor, bearbeitet von Klaus J\u00e4ckle <strong><a href=\"http:\/\/www.schoenemuellerin.de\/\" target=\"_blank\" rel=\"noopener noreferrer\">mehr Info und H\u00f6rbeispiele<\/a><\/strong><\/p>\n<p><strong>Franz Schubert: Nacht und Tr\u00e4ume<\/strong> f\u00fcr Sopran und Gitarre, mit Monika Teepe, Sopran, Programm siehe CDs<\/p>\n<p><b>Violine und Gitarre<\/b><br \/>\nWerke von &#8220;Bach bis Piazzolla&#8221;, siehe CDs Paganini-Giuliani, Tango<br \/>\nmit Friedemann Amadeus Treiber, Violine<\/p>\n<p>mit Valerie Rubin, Violine<\/p>\n<p><span style=\"font-size: medium;\"><b>Romanza d&#8217;Amore<\/b><\/span><br \/>\nMusik, Rezitation und Tanz mit der Kastagnettenvirtuosin Friederike von Krosigk und Klaus J\u00e4ckle, Gitarre.<br \/>\nLieder, Gitarrenmusik, Geschichten und Gedichte aus Spanien, dem Land des Flamencos und S\u00fcdamerika, der Heimat des Tangos. Und auch den ein oder anderen Ausflug in heimische Gefilde bietet das sympathische Duo in diesem Programm.[\/et_pb_text][\/et_pb_column][\/et_pb_row][\/et_pb_section][et_pb_section fb_built=&#8221;1&#8243; _builder_version=&#8221;3.0.98&#8243; background_color=&#8221;#fffddc&#8221; border_width_top=&#8221;1px&#8221; border_color_top=&#8221;#e7ab37&#8243;][et_pb_row _builder_version=&#8221;3.0.47&#8243; background_size=&#8221;initial&#8221; background_position=&#8221;top_left&#8221; background_repeat=&#8221;repeat&#8221;][et_pb_column type=&#8221;1_3&#8243; _builder_version=&#8221;3.0.47&#8243;][et_pb_text _builder_version=&#8221;3.0.98&#8243; inline_fonts=&#8221;Acme&#8221;]<\/p>\n<h2 style=\"text-align: right;\">Gitarre &amp; Streichquartett<\/h2>\n<p>[\/et_pb_text][et_pb_image src=&#8221;http:\/\/www.classicalguitar.de\/wp-content\/uploads\/2018\/07\/DSCF2141a-250.jpg&#8221; align=&#8221;right&#8221; _builder_version=&#8221;3.10.1&#8243; border_width_all=&#8221;1px&#8221; border_color_all=&#8221;#e7ab37&#8243; max_width_tablet=&#8221;80%&#8221; max_width_last_edited=&#8221;on|tablet&#8221; module_alignment=&#8221;right&#8221; custom_margin=&#8221;50px|||&#8221;]<br \/>\n[\/et_pb_image][\/et_pb_column][et_pb_column type=&#8221;2_3&#8243; _builder_version=&#8221;3.0.47&#8243;][et_pb_text _builder_version=&#8221;3.19.15&#8243; link_option_url_new_window=&#8221;on&#8221;]<\/p>\n<p><strong>Werke von Boccherini und Castelnuovo-Tedesco<\/strong><br \/>\nKlaus J\u00e4ckle gab dem Quartett die lebenswichtigen rhythmischen Impulse&#8230; Das eigentliche Ereignis des Abends aber waren die beiden Quintette mit Klaus J\u00e4ckle. Die Gitarre lockerte die Strenge der Streicher etwas auf, macht den Klang beweglicher, warmherziger, gibt ihm zugleich Grund und Verzierung.<br \/>\n<a href=\"http:\/\/www.classicalguitar.de\/downloads\/nn_nz_pmv_20000225.pdf\" target=\"_blank\" rel=\"noopener noreferrer\"><strong>N\u00fcrnberger Nachrichten \/ N\u00fcrnberger Zeitung 25.02.2000 pdf<\/strong><\/a><\/p>\n<p><strong>George Gershwin: Rhapsody in Blue <\/strong>bearbeitet f\u00fcr Gitarre und Streichquartett von Richard Whilds und Klaus J\u00e4ckle<br \/>\nEine gro\u00dfartige Bearbeitung, begeisternd gespielt, mit Ovationen bedacht.<br \/>\n<strong><a href=\"http:\/\/www.classicalguitar.de\/downloads\/Rez_Sulzbach_Quintette2014.jpg\" target=\"_blank\" rel=\"noopener noreferrer\">Sulzbacher Anzeiger 14.10.2014<\/a><\/strong><\/p>\n<p>&nbsp;<\/p>\n<p>&nbsp;<\/p>\n<p>[\/et_pb_text][\/et_pb_column][\/et_pb_row][\/et_pb_section]<\/p>\n","protected":false},"excerpt":{"rendered":"<p>Allgemeines Musikalische Vielseitigkeit geh\u00f6rt zu Klaus J\u00e4ckles Pers\u00f6nlichkeit. Neben einem Querschnitt aus dem gesamten klassischen Konzertrepertoire f\u00fcr Gitarre mit Schwerpunkt spanischer und s\u00fcdamerikanischer Gitarrenmusik f\u00fcr Gitarre solo von Mudarra, Alb\u00e9niz und Rodrigo bis Flamenco spielt die Kammermusik eine wichtige Rolle: in Duobesetzungen wie Fl\u00f6te und Gitarre, Gesang und Gitarre, dokumentiert auf mehreren CD- und Rundfunkaufnahmen [&hellip;]<\/p>\n","protected":false},"author":1,"featured_media":0,"parent":0,"menu_order":0,"comment_status":"closed","ping_status":"closed","template":"","meta":{"_et_pb_use_builder":"on","_et_pb_old_content":"","_et_gb_content_width":"","footnotes":""},"_links":{"self":[{"href":"https:\/\/www.classicalguitar.de\/en\/wp-json\/wp\/v2\/pages\/1585"}],"collection":[{"href":"https:\/\/www.classicalguitar.de\/en\/wp-json\/wp\/v2\/pages"}],"about":[{"href":"https:\/\/www.classicalguitar.de\/en\/wp-json\/wp\/v2\/types\/page"}],"author":[{"embeddable":true,"href":"https:\/\/www.classicalguitar.de\/en\/wp-json\/wp\/v2\/users\/1"}],"replies":[{"embeddable":true,"href":"https:\/\/www.classicalguitar.de\/en\/wp-json\/wp\/v2\/comments?post=1585"}],"version-history":[{"count":1,"href":"https:\/\/www.classicalguitar.de\/en\/wp-json\/wp\/v2\/pages\/1585\/revisions"}],"predecessor-version":[{"id":1586,"href":"https:\/\/www.classicalguitar.de\/en\/wp-json\/wp\/v2\/pages\/1585\/revisions\/1586"}],"wp:attachment":[{"href":"https:\/\/www.classicalguitar.de\/en\/wp-json\/wp\/v2\/media?parent=1585"}],"curies":[{"name":"wp","href":"https:\/\/api.w.org\/{rel}","templated":true}]}}