{"id":1609,"date":"2019-06-05T14:28:12","date_gmt":"2019-06-05T12:28:12","guid":{"rendered":"http:\/\/www.classicalguitar.de\/?page_id=1609"},"modified":"2019-06-05T14:28:12","modified_gmt":"2019-06-05T12:28:12","slug":"reviews","status":"publish","type":"page","link":"https:\/\/www.classicalguitar.de\/en\/about-me\/reviews\/","title":{"rendered":"Reviews"},"content":{"rendered":"<p>[et_pb_section fb_built=&#8221;1&#8243; _builder_version=&#8221;3.0.98&#8243; background_color=&#8221;#fffddc&#8221;][et_pb_row _builder_version=&#8221;3.0.47&#8243; background_size=&#8221;initial&#8221; background_position=&#8221;top_left&#8221; background_repeat=&#8221;repeat&#8221;][et_pb_column type=&#8221;1_3&#8243; _builder_version=&#8221;3.0.47&#8243;][et_pb_image src=&#8221;http:\/\/www.classicalguitar.de\/wp-content\/uploads\/2019\/02\/Meran2019_250.jpg&#8221; align=&#8221;right&#8221; _builder_version=&#8221;3.19.15&#8243; border_width_all=&#8221;1px&#8221; border_color_all=&#8221;#e7ab37&#8243;][\/et_pb_image][et_pb_image src=&#8221;http:\/\/www.classicalguitar.de\/wp-content\/uploads\/2019\/02\/kritiken.jpg&#8221; align=&#8221;right&#8221; _builder_version=&#8221;3.19.15&#8243; border_width_all=&#8221;1px&#8221; border_color_all=&#8221;#e7ab37&#8243;][\/et_pb_image][\/et_pb_column][et_pb_column type=&#8221;2_3&#8243; _builder_version=&#8221;3.0.47&#8243;][et_pb_text _builder_version=&#8221;3.19.15&#8243; border_width_bottom=&#8221;1px&#8221; border_color_bottom=&#8221;#e09900&#8243;]<\/p>\n<p><strong>\u00bbIch wurde schmerzlich ergriffen!\u00ab<br \/>\n<\/strong><em>MUSIK MERAN\/kulturverein brixen: Schuberts au\u00dfergew\u00f6hnliche Winterreise mit Tilman Lichdi und Klaus J\u00e4ckle<\/em><br \/>\nBei zwei Matineen f\u00fcr Sch\u00fcler und zwei Abendkonzerten \u2026 wird die Winterreise von Franz Schubert mit Tenor Tilman Lichdi und dem Gitarristen Klaus J\u00e4ckle zum au\u00dfergew\u00f6hnlichen Ereignis der Liedinterpretation, die ihresgleichen nicht zu \u00fcbertreffen ist.<br \/>\n<em><strong><a href=\"http:\/\/www.classicalguitar.de\/downloads\/Winterreise_Dolomiten_25_2_19.pdf\" target=\"_blank\" rel=\"noopener noreferrer\">Dolomiten 25.2.2019<\/a><\/strong><\/em><\/p>\n<p>&nbsp;<\/p>\n<p>&nbsp;<\/p>\n<p>[\/et_pb_text][et_pb_text _builder_version=&#8221;3.19.15&#8243; border_width_bottom=&#8221;1px&#8221; border_color_bottom=&#8221;#e09900&#8243;]<\/p>\n<p><b>Sonniger S\u00fcden statt Winterreise<\/b><br \/>\nEin souver\u00e4ner Gestalter mit immensem Fingerspitzengef\u00fchl, wenn es darum geht, Bilder in die K\u00f6pfe der Zuh\u00f6rer zu projizieren, emotionale Spannungsfelder zu schaffen, bekannte und weniger bekannte Gitarrenst\u00fccke zu vielsagenden &#8220;Liedern ohne Worte&#8221; zu transformieren.<br \/>\n<em><strong><a href=\"http:\/\/www.classicalguitar.de\/downloads\/Presse_Hoechstadt2019.pdf\" target=\"_blank\" rel=\"noopener noreferrer\">Nordbayrische Nachrichten, 4.2.2019<\/a><\/strong><\/em><\/p>\n<p>&nbsp;<\/p>\n<p>&nbsp;<\/p>\n<p>[\/et_pb_text][et_pb_text _builder_version=&#8221;3.19.15&#8243; border_width_bottom=&#8221;1px&#8221; border_color_bottom=&#8221;#e09900&#8243;]<\/p>\n<p><b>Virtuoser Zauberer auf sechs Saiten<\/b><br \/>\nWenn Klaus J\u00e4ckle Gitarre spielt, breitet sich ein Zauber aus. Das Kulmbacher Konzertpublikum erlebte Virtuosit\u00e4t und Einf\u00fchlungsverm\u00f6gen, entspannende Kl\u00e4nge, die zum Tr\u00e4umen einluden und temperamentvolle Weisen, die mit ihren aus dem Instrument &#8220;herausgekitzelten&#8221; T\u00f6nen f\u00fcr Staunen sorgten.<br \/>\n<em><strong><a href=\"http:\/\/www.classicalguitar.de\/downloads\/Presse_Kulmbach2019.pdf\" target=\"_blank\" rel=\"noopener noreferrer\">Bayerische Rundschau, 28.1.2019<\/a><\/strong><\/em><\/p>\n<p>&nbsp;<\/p>\n<p>&nbsp;<\/p>\n<p>[\/et_pb_text][et_pb_text _builder_version=&#8221;3.10.1&#8243;]<\/p>\n<p><b>Duo Esculando bei Saitenwirbel<\/b><br \/>\nMeisterlich agierten Cellistin Anna Lenda und Gitarrist<br \/>\nKlaus J\u00e4ckle im perfekten Zusammenspiel. Locker, leicht, im Tempo forcierend, unterbrochen mit lyrischen Passagen und einem furiosen Ende, begeisterten die beiden Musiker mit dieser expressiven Vielfalt das Publikum.<br \/>\n<em><strong><a href=\"http:\/\/www.classicalguitar.de\/downloads\/RezensionSCEsculando.pdf\" target=\"_blank\" rel=\"noopener noreferrer\">Schwabacher Tagblatt, 28.6.2016<\/a><\/strong><\/em><\/p>\n<p>[\/et_pb_text][et_pb_text _builder_version=&#8221;3.10.1&#8243; border_width_top=&#8221;1px&#8221; border_color_top=&#8221;#e7ab37&#8243; custom_margin=&#8221;|||&#8221; custom_padding=&#8221;30px|||&#8221;] <strong>Au\u00dfergew\u00f6hnliches Gesp\u00fcr f\u00fcr Dynamik<\/strong> Fulminanter Auftakt der 52. VHS-Konzertreihe in Sulzbach-Rosenberg mit Klaus J\u00e4ckle und dem \u201eElisenquartett\u201c <em><strong> Der neue Tag 24.10.2014<\/strong><\/em> [\/et_pb_text][et_pb_text _builder_version=&#8221;3.10.1&#8243; border_width_top=&#8221;1px&#8221; border_color_top=&#8221;#e7ab37&#8243; custom_margin=&#8221;|||&#8221; custom_padding=&#8221;30px|||&#8221;]<\/p>\n<p><strong>Mit Marshall&amp;Alexander auf Weihnachtstour in Alzey<\/strong> Virtuos brachte Klaus J\u00e4ckle zwei Gitarrensoli (Chopin und Schumann) in eigener Bearbeitung dar. Es war ein Wohlklang, der den Raum erf\u00fcllte, gef\u00fchlvoll nuanciert und sehr subtil, dann wieder voller Kraft und Klanggewalt. <em><strong><a href=\"http:\/\/www.classicalguitar.de\/downloads\/MM_und_JA_begeistern_mit_Weihnachtsprogramm.pdf\" target=\"_blank\" rel=\"noopener noreferrer\">Allgemeine Zeitung 17.12.2013<\/a><\/strong><\/em><\/p>\n<p>[\/et_pb_text][et_pb_text _builder_version=&#8221;3.10.1&#8243; border_width_top=&#8221;1px&#8221; border_color_top=&#8221;#e7ab37&#8243; custom_margin=&#8221;|||&#8221; custom_padding=&#8221;30px|||&#8221;] <strong>Tr\u00e4umen mit Klaus J\u00e4ckle<\/strong> Bis hinauf zu Orgelempore war die R\u00fcckersdorfer St. Georgskirche besetzt als der renommierte Gitarrist Klaus J\u00e4ckle im Rahmen der Konzertreihe &#8220;Musik in Scheune und Kapelle&#8221; zum Tr\u00e4umen einlud. Dass das ber\u00fchmte Regentropfenpr\u00e9lude (von Chopin) so klang, als ob es f\u00fcr Gitarre geschrieben worden w\u00e4re, lag sowohl am gro\u00dfen gitarristischen K\u00f6nnen J\u00e4ckles als auch an seiner Souver\u00e4nit\u00e4t als Bearbeiter&#8230; <strong><a href=\"http:\/\/www.classicalguitar.de\/downloads\/PegnitzZeitung102013Traeume.jpg\" target=\"_blank\" rel=\"noopener noreferrer\"><i>Pegnitz Zeitung 26.10.2013<\/i><\/a><\/strong> [\/et_pb_text][et_pb_text _builder_version=&#8221;3.10.1&#8243; border_width_top=&#8221;1px&#8221; border_color_top=&#8221;#e7ab37&#8243; custom_margin=&#8221;|||&#8221; custom_padding=&#8221;30px|||&#8221;] Hatte Klaus J\u00e4ckle im ersten Teil des Konzerts mit &#8220;Tristesse&#8221; von Frederic Chopin schon einen Einblick in die hohe Kunst des Gitarrespielens gegeben, so sorgte er im zweiten Teil f\u00fcr Verbl\u00fcffung und Verz\u00fcckung &#8211; so hatte man sicher noch nie &#8220;Recuerdos de la Alhambra&#8221; geh\u00f6rt. Man wagte kaum zu atmen. <strong><a href=\"http:\/\/www.swp.de\/hechingen\/lokales\/burladingen\/Zwei-Stimmen-oeffnen-die-Herzen;art5604,2238959\" target=\"_blank\" rel=\"noopener noreferrer\"><i>Hohenzollerische Zeitung 7.10.2013<\/i><\/a><\/strong> [\/et_pb_text][et_pb_text _builder_version=&#8221;3.10.1&#8243; border_width_top=&#8221;1px&#8221; border_color_top=&#8221;#e7ab37&#8243; custom_margin=&#8221;|||&#8221; custom_padding=&#8221;30px|||&#8221;] Und Klaus J\u00e4ckle als einer der f\u00fchrenden klassischen Gitarristen, der dem Konzert mit zwei Solo-St\u00fccken eine besondere Note verlieh. Mit Chopins Tristesse lie\u00df er T\u00f6ne wie Regentropfen am Fenster herabperlen, w\u00e4hrend er mit den Recuerdos de la Alhambra des Katalanen Francisco T\u00e1rrega spanisch-maurische Kl\u00e4nge virtuos hervorzauberte, ein Kurs im Staunen: man glaubte zwei Instrumente zu h\u00f6ren. <strong><i><a href=\"http:\/\/www.classicalguitar.de\/downloads\/MA Emotionales Duo mit ungebrochener Strahlkraft.pdf\" target=\"_blank\" rel=\"noopener noreferrer\">Badisches Tagblatt 5.10.2013<\/a><\/i><\/strong> [\/et_pb_text][et_pb_text _builder_version=&#8221;3.10.1&#8243; border_width_top=&#8221;1px&#8221; border_color_top=&#8221;#e7ab37&#8243; custom_margin=&#8221;|||&#8221; custom_padding=&#8221;30px|||&#8221;] <strong>Musikfestival Fr\u00e4nkischer Sommer<\/strong> Auer und J\u00e4ckle verliehen jeder Epoche ihren authentischen, unwiderstehlichen Charme, dem man nur zu gerne erlag. <a href=\"http:\/\/www.classicalguitar.de\/downloads\/Erlangen_fraenk_Sommer2013.jpg\" target=\"_blank\" rel=\"noopener noreferrer\"><i><strong>Erlanger Nachrichten, 17.Juli 2013<\/strong><\/i><\/a> [\/et_pb_text][et_pb_text _builder_version=&#8221;3.10.1&#8243; border_width_top=&#8221;1px&#8221; border_color_top=&#8221;#e7ab37&#8243; custom_margin=&#8221;|||&#8221; custom_padding=&#8221;30px|||&#8221;] Begleitet wurde das Duo von dem Meistergitarristen Klaus J\u00e4ckle, der mit Robert Schumanns \u00bbTr\u00e4umerei\u00ab ebenso verzauberte wie mit Francisco Tarregas \u00bbRecuerdos de la Alhambra\u00ab. Bei letzterem St\u00fcck waren die Zuschauer derart hingerissen, dass enthusiastischer Applaus bereits einsetzte, als der letzte Ton noch nicht verklungen war. <strong><i>Neue Westf\u00e4lische, 24.12.2012<\/i><\/strong> [\/et_pb_text][et_pb_text _builder_version=&#8221;3.10.1&#8243; border_width_top=&#8221;1px&#8221; border_color_top=&#8221;#e7ab37&#8243; custom_margin=&#8221;|||&#8221; custom_padding=&#8221;30px|||&#8221;] Da w\u00e4re Klaus J\u00e4ckle mit seinem vielseitigen Gitarrenspiel, der das Duett einf\u00fchlsam und zart begleitet und mindestens genauso gut solistisch zur Wirkung kommt. So etwa in den ber\u00fchmten \u201eRecuerdos de la alhambra\u201c von Francisco Tarrega. Fantastisch ist sein Spiel, innig und voller Gef\u00fchl, technisch \u00fcberragend. <strong><i><a href=\"http:\/\/www.marshall-alexander.de\/cms\/download.php?9a21ee4539b111050fff2b5ab640f969\" target=\"_blank\" rel=\"noopener noreferrer\">Schw\u00e4bische Post 13.12.2012<\/a><\/i><\/strong> [\/et_pb_text][et_pb_text _builder_version=&#8221;3.10.1&#8243; border_width_top=&#8221;1px&#8221; border_color_top=&#8221;#e7ab37&#8243; custom_margin=&#8221;|||&#8221; custom_padding=&#8221;30px|||&#8221;] Fein und sensibel musizierten zwei Stimmen und drei Instrumente in der Christkirche. Hierher geh\u00f6rte das Programm, waren die K\u00fcnstler in ihrem Element und konnten wahre Gr\u00f6\u00dfe zeigen. Ganz besonders der Gitarrist Klaus J\u00e4ckle, der sich mit bewundernswerter Geschmeidigkeit seiner Finger zweimal als Solist pr\u00e4sentierte und dabei meisterhaft die urspr\u00fcnglich f\u00fcr das Klavier komponierte &#8220;Tristesse&#8221; von Fr\u00e9d\u00e9ric Chopin h\u00f6ren lie\u00df: Perfektion und Sensibilit\u00e4t auf dem Punkt. Atemlos lauschte man ihm. <strong><i>SHZ, 1.12.2012<\/i><\/strong> [\/et_pb_text][et_pb_text _builder_version=&#8221;3.10.1&#8243; border_width_top=&#8221;1px&#8221; border_color_top=&#8221;#e7ab37&#8243; custom_margin=&#8221;|||&#8221; custom_padding=&#8221;30px|||&#8221;] <strong>Traum auf sechs Saiten<\/strong> Gitarrenkonzert in der vollbesetzten Stabkirche Meistergitarrist Klaus J\u00e4ckle verf\u00fchrt seine Zuh\u00f6rer zum Tr\u00e4umen. <i><a href=\"http:\/\/www.classicalguitar.de\/downloads\/Goslarsche_Zeitung_082012.pdf\" target=\"_blank\" rel=\"noopener noreferrer\"><strong>Goslarsche Zeitung 08\/2012<\/strong><\/a><\/i> [\/et_pb_text][et_pb_text _builder_version=&#8221;3.10.1&#8243; border_width_top=&#8221;1px&#8221; border_color_top=&#8221;#e7ab37&#8243; custom_margin=&#8221;|||&#8221; custom_padding=&#8221;30px|||&#8221;] Spiel von ungeahnter Leichtigkeit Perfektes Miteinander von Gitarre und Fl\u00f6te: Das Duo Auer J\u00e4ckle in Gm\u00fcnd <strong><i><a href=\"http:\/\/www.classicalguitar.de\/downloads\/20110407_RHV_auer_jaeckle.pdf\" target=\"_blank\" rel=\"noopener noreferrer\">Roth Hilpoltsteiner Volkszeitung 7.4.2012 pdf<\/a><\/i><\/strong> [\/et_pb_text][et_pb_text _builder_version=&#8221;3.10.1&#8243; border_width_top=&#8221;1px&#8221; border_color_top=&#8221;#e7ab37&#8243; custom_margin=&#8221;|||&#8221; custom_padding=&#8221;30px|||&#8221;] Klaus J\u00e4ckle, einer der besten deutschen Gitarristen, begeisterte mit zwei herausragenden Gitarrensoli. <i><a href=\"http:\/\/www.classicalguitar.de\/downloads\/fraenkischer_tag_04112011.pdf\" target=\"_blank\" rel=\"noopener noreferrer\"><strong>Fraenkischer Tag 4.11.2011 pdf<\/strong><\/a><\/i> [\/et_pb_text][et_pb_text _builder_version=&#8221;3.10.1&#8243; border_width_top=&#8221;1px&#8221; border_color_top=&#8221;#e7ab37&#8243; custom_margin=&#8221;|||&#8221; custom_padding=&#8221;30px|||&#8221;] Fast bescheiden im Hintergrund der Mann mit der Gitarre, Klaus J\u00e4ckle. Erst bei Franz Schuberts \u201eAve Maria\u201c, das von \u201eM&amp;A\u201c beeindruckend intoniert wurde, gibt der am meisten gefeierte Gitarrist der Gegenwart so langsam seinem Instrument die Sporen. Und mit seinem Gitarrensolo, \u201eFantasie \u00fcber Webers letzten Gedanken\u201c, von Johann Caspar Merz, l\u00e4sst er seinem Talent freien Lauf. Die Zuh\u00f6rer toben vor Begeisterung, der Gitarren-Virtuose hat die Herzen der Musikliebhaber im Handstreich erobert. <strong><a href=\"http:\/\/www.classicalguitar.de\/downloads\/MA_Dill-Zeitung_29032011.pdf\" target=\"_blank\" rel=\"noopener noreferrer\"><i>Dill-Zeitung, 29.3.2011 pdf<\/i><\/a><\/strong> [\/et_pb_text][et_pb_text _builder_version=&#8221;3.10.1&#8243; border_width_top=&#8221;1px&#8221; border_color_top=&#8221;#e7ab37&#8243; custom_margin=&#8221;|||&#8221; custom_padding=&#8221;30px|||&#8221;] Doch diese T\u00e1rrega-CD kann gefallen, denn sie pr\u00e4sentiert die Musik des gro\u00dfen Spaniers aus dem pers\u00f6nlichen Blickwinkel eines kompetenten Musikers unserer Zeit. <strong><i><a href=\"http:\/\/www.classicalguitar.de\/downloads\/Akustik_Gitarre32011_Tarrega.pdf\" target=\"_blank\" rel=\"noopener noreferrer\">Akustik Gitarre 2\/2011 pdf<\/a><\/i><\/strong> [\/et_pb_text][et_pb_text _builder_version=&#8221;3.10.1&#8243; border_width_top=&#8221;1px&#8221; border_color_top=&#8221;#e7ab37&#8243; custom_margin=&#8221;|||&#8221; custom_padding=&#8221;30px|||&#8221;] &#8230;der begnadete Gitarrist Klaus J\u00e4ckle, der mit &#8220;Fantasie \u00fcber Webers letzten Gedanken&#8221; und \u00bbAsturias\u00ab musikalische Grenzen sprengte. <strong><i><a href=\"http:\/\/www.classicalguitar.de\/downloads\/MA_S\u00dcDWEST_PRESSE14032011.pdf\" target=\"_blank\" rel=\"noopener noreferrer\">S\u00fcdwestpresse 14.3.2011 pdf<\/a><\/i><\/strong> [\/et_pb_text][et_pb_text _builder_version=&#8221;3.10.1&#8243; border_width_top=&#8221;1px&#8221; border_color_top=&#8221;#e7ab37&#8243; custom_margin=&#8221;|||&#8221; custom_padding=&#8221;30px|||&#8221;] Zur CD T\u00e1rrega: \u00bbEin Gl\u00fccksfall!\u00ab <strong><a href=\"http:\/\/www.classicalguitar.de\/downloads\/GiessenerAnzeiger_Jaeckle_20110208.pdf\" target=\"_blank\" rel=\"noopener noreferrer\">Giessener Anzeiger, 8.2.2011 pdf<\/a><\/strong> [\/et_pb_text][et_pb_text _builder_version=&#8221;3.10.1&#8243; border_width_top=&#8221;1px&#8221; border_color_top=&#8221;#e7ab37&#8243; custom_margin=&#8221;|||&#8221; custom_padding=&#8221;30px|||&#8221;] Durch seine Gitarren-Soli bereicherte Klaus J\u00e4ckle das Konzert. Seine Interpretation von &#8220;Asturias&#8221; von Isaac Albeniz war einfach unglaublich und wurde mit donnerndem Applaus belohnt. <strong><i><a href=\"http:\/\/www.classicalguitar.de\/downloads\/MA_rheinischepost20110210.pdf\" target=\"_blank\" rel=\"noopener noreferrer\">Rheinische Post, 10.02.2011 pdf<\/a><\/i><\/strong> [\/et_pb_text][et_pb_text _builder_version=&#8221;3.10.1&#8243; border_width_top=&#8221;1px&#8221; border_color_top=&#8221;#e7ab37&#8243; custom_margin=&#8221;|||&#8221; custom_padding=&#8221;30px|||&#8221;] &#8230;Klaus J\u00e4ckle an der Gitarre, der bei seinem zweiten Solost\u00fcck Asturias von Isaac Alb\u00e9niz das Publikum mit einem fesselnden, fast hypnotischen Spiel auf den Saiten begeisterte. <strong><i><a href=\"http:\/\/www.classicalguitar.de\/downloads\/MA_20110127_Meisterlich_gesungener_Gottesdienst.pdf\" target=\"_blank\" rel=\"noopener noreferrer\">Frankenberger Zeitung 27.1.2011 pdf<\/a><\/i><\/strong> [\/et_pb_text][et_pb_text _builder_version=&#8221;3.10.1&#8243; border_width_top=&#8221;1px&#8221; border_color_top=&#8221;#e7ab37&#8243; custom_margin=&#8221;|||&#8221; custom_padding=&#8221;30px|||&#8221;] Alb\u00e9niz&#8217; Asturias, eigentlich gar nicht f\u00fcr Gitarre komponiert, erklingt hier so mit spanischem Kolorit und technischer Brillanz versehen, dass man es anders gar nicht mehr h\u00f6ren m\u00f6chte. <strong><i><a href=\"http:\/\/www.classicalguitar.de\/downloads\/MA_BAD_20110124Ein_Hauch_von_Weltharmonie.pdf\" target=\"_blank\" rel=\"noopener noreferrer\">Badisches Tagblatt, 24.1.2011 pdf<\/a><\/i><\/strong> [\/et_pb_text][et_pb_text _builder_version=&#8221;3.10.1&#8243; border_width_top=&#8221;1px&#8221; border_color_top=&#8221;#e7ab37&#8243; custom_margin=&#8221;|||&#8221; custom_padding=&#8221;30px|||&#8221;] Technisch brillant und k\u00fcnstlerisch ausgereift&#8230;Jenseits des Wiedererkennungseffekts setzt J\u00e4ckle mit seinen Interpretationen der &#8220;Klassiker&#8221; ganz eigene, h\u00f6chst gelungene Akztente. <strong><a href=\"http:\/\/www.classicalguitar.de\/downloads\/pegnitz-zeitung20101123.pdf\" target=\"_blank\" rel=\"noopener noreferrer\"><i>Pegnitz-Zeitung, 23.11.2010<\/i> pdf<\/a><\/strong> [\/et_pb_text][et_pb_text _builder_version=&#8221;3.10.1&#8243; border_width_top=&#8221;1px&#8221; border_color_top=&#8221;#e7ab37&#8243; custom_margin=&#8221;|||&#8221; custom_padding=&#8221;30px|||&#8221;] J\u00e4ckles T\u00e1rrega (clearaudio) kommt ungemein vielgestaltig her\u00fcber und fesselt vom ersten bis zum letzten St\u00fcck. <strong><a href=\"http:\/\/www.classicalguitar.de\/downloads\/nn20101130.pdf\" target=\"_blank\" rel=\"noopener noreferrer\"><i>N\u00fcrnberger Nachrichten 30.11.2010<\/i> pdf<\/a><\/strong> [\/et_pb_text][et_pb_text _builder_version=&#8221;3.10.1&#8243; border_width_top=&#8221;1px&#8221; border_color_top=&#8221;#e7ab37&#8243; custom_margin=&#8221;|||&#8221; custom_padding=&#8221;30px|||&#8221;] <b>Erstaunliche Fingerfertigkeit<\/b> An der Gitarre beeindruckte Klaus J\u00e4ckle mit erstaunlicher Fingerfertigkeit. Mit zwei virtuosen Soli zur \u201eFantasie \u00fcber Webers letzten Gedanken\u201c von Johann Caspar Merz und zu \u201eAsturias\u201c von Isaac Albeniz begeisterte er das Publikum. <strong><a href=\"http:\/\/www.classicalguitar.de\/downloads\/MA_Der_Westen051110.pdf\" target=\"_blank\" rel=\"noopener noreferrer\"><i>Der Westen, 5.11.2010 <\/i> pdf<\/a><\/strong> [\/et_pb_text][et_pb_text _builder_version=&#8221;3.10.1&#8243; border_width_top=&#8221;1px&#8221; border_color_top=&#8221;#e7ab37&#8243; custom_margin=&#8221;|||&#8221; custom_padding=&#8221;30px|||&#8221;] Die solistischen Beitr\u00e4ge des Gitarristen J\u00e4ckle geraten ebenfalls zum Hochgenuss. Der Musiker spielt sich mit \u201eAsturias\u201c von Isaac Alb\u00e9niz und Johann Kaspar Mertz\u2019 \u201eFantasie \u00fcber Webers letzten Gedanken\u201c virtuos, klangvoll und meisterhaft in die Herzen des begeisterten Publikums. <strong><a href=\"http:\/\/www.classicalguitar.de\/downloads\/Ins_Paradies_mit_Marshall_&amp;_Alexander_Hildesheim_20101011.pdf\" target=\"_blank\" rel=\"noopener noreferrer\"><i>Hildesheimer Allgemeine Zeitung, 11.10.2010<\/i> pdf<\/a><\/strong> [\/et_pb_text][et_pb_text _builder_version=&#8221;3.10.1&#8243; border_width_top=&#8221;1px&#8221; border_color_top=&#8221;#e7ab37&#8243; custom_margin=&#8221;|||&#8221; custom_padding=&#8221;30px|||&#8221;] \u00bbDer sensible und versierte Gitarrist Klaus J\u00e4ckle entfesselt auf dieser CD ein Feuerwerk an subtilsten Nuancen spanischer Gitarrenmusik!\u00ab <b><i>BR Klassik,Yvonne Hummel in CD Box am 11.12.2009:<\/i> Una hora espa\u00f1ola<\/b> [\/et_pb_text][et_pb_text _builder_version=&#8221;3.10.1&#8243; border_width_top=&#8221;1px&#8221; border_color_top=&#8221;#e7ab37&#8243; custom_margin=&#8221;|||&#8221; custom_padding=&#8221;30px|||&#8221;] <b>Klaus J\u00e4ckle fasziniert im Gitarren-Solo-Konzert der Kammermusikreihe \u2013 Gro\u00dfe Begeisterung im Publikum <\/b> Mozart ist doch der Gr\u00f6\u00dfte! Zwar stand er nicht selbst auf dem Programm, aber die \u00bbMozart-Variationen\u00ab des Spaniers Fernando Sor f\u00fcr Gitarre-Solo rissen die Zuh\u00f6rer zu Begeisterungsst\u00fcrmen hin. <strong><a href=\"http:\/\/www.classicalguitar.de\/downloads\/KritikSulzbach.pdf\" target=\"_blank\" rel=\"noopener noreferrer\"><i>Sulzbach Rosenberger Zeitung, 08.05.2009 von H. Fischer<\/i> pdf<\/a><\/strong> [\/et_pb_text][et_pb_text _builder_version=&#8221;3.10.1&#8243; border_width_top=&#8221;1px&#8221; border_color_top=&#8221;#e7ab37&#8243; custom_margin=&#8221;|||&#8221; custom_padding=&#8221;30px|||&#8221;] <b>Ideale Konzert-Partnerschaft: das Duo Bekavac und J\u00e4ckle<\/b> Ansbacher Gitarrenkonzerte 2004: Klaus J\u00e4ckle, Gitarre und Mate Bekavac, Klarinette spielen Schubert, Piazzolla u.a. <strong><a href=\"http:\/\/www.classicalguitar.de\/downloads\/AnsbachGitarrenkonzerte.pdf\" target=\"_blank\" rel=\"noopener noreferrer\"><i>Fr\u00e4nkische Landeszeitung 28.06.2004 pdf<\/i><\/a><\/strong> [\/et_pb_text][et_pb_text _builder_version=&#8221;3.10.1&#8243; border_width_top=&#8221;1px&#8221; border_color_top=&#8221;#e7ab37&#8243; custom_margin=&#8221;|||&#8221; custom_padding=&#8221;30px|||&#8221;] <b>Klaus J\u00e4ckle spielt Elogio de la Guitarra<\/b> Wenn J\u00e4ckle seine Gitarre zur Hand nimmt, bildet er eine musikalische Einheit mit seinem Instrument. Dieses Hineinh\u00f6ren in die Musik wirkt wie ein fliessender Dialog, der nac immer neuen Antworten sucht. <strong><a href=\"http:\/\/www.classicalguitar.de\/downloads\/KritikBAD.pdf\" target=\"_blank\" rel=\"noopener noreferrer\"><i>Badisches Tagblatt 08.10.2003 pdf<\/i><\/a><\/strong> [\/et_pb_text][et_pb_text _builder_version=&#8221;3.10.1&#8243; border_width_top=&#8221;1px&#8221; border_color_top=&#8221;#e7ab37&#8243; custom_margin=&#8221;|||&#8221; custom_padding=&#8221;30px|||&#8221;] <b>Einspringkonzert f\u00fcr Pepe Romero in Walkenried 2000<\/b> Und meisterlich war letztendlich auch sein Vortrag im Kreuzgang, technisch beeindruckend, bestimmt von einem tiefen Zugang zur spanischen und s\u00fcdamerikanischen Musik. <strong><a href=\"http:\/\/www.classicalguitar.de\/downloads\/harzkuri.pdf\" target=\"_blank\" rel=\"noopener noreferrer\"><i>Harzkurier 15.07.2000 pdf<\/i><\/a><\/strong> [\/et_pb_text][et_pb_text _builder_version=&#8221;3.10.1&#8243; border_width_top=&#8221;1px&#8221; border_color_top=&#8221;#e7ab37&#8243; custom_margin=&#8221;|||&#8221; custom_padding=&#8221;30px|||&#8221;] <b>Boccherini und Tedesco: Streichquartett und Gitarre<\/b> Klaus J\u00e4ckle gab dem Quartett die lebenswichtigen rhythmischen Impulse&#8230; Das eigentliche Ereignis des Abends aber waren die beiden Quintette mit Klaus J\u00e4ckle. Die Gitarre lockerte die Strenge der Streicher etwas auf, macht den Klang beweglicher, warmherziger, gibt ihm zugleich Grund und Verzierung. <strong><a href=\"http:\/\/www.classicalguitar.de\/downloads\/nn_nz_pmv_20000225.pdf\" target=\"_blank\" rel=\"noopener noreferrer\"><i>N\u00fcrnberger Nachrichten \/ N\u00fcrnberger Zeitung 25.02.2000 pdf<\/i><\/a><\/strong> [\/et_pb_text][et_pb_text _builder_version=&#8221;3.10.1&#8243; border_width_top=&#8221;1px&#8221; border_color_top=&#8221;#e7ab37&#8243; custom_margin=&#8221;|||&#8221; custom_padding=&#8221;30px|||&#8221;] \u201eEr ist ein Stilist von besonderer G\u00fcte, wenn es darum geht, lyrische Kl\u00e4nge in ein sinnliches H\u00f6ren umzusetzen, aber auch die Leidenschaft, die aus ihnen spricht, nie au\u00dfer acht zu lassen.\u201c <strong><a href=\"http:\/\/www.classicalguitar.de\/downloads\/berliner_morgenpost_19941119.pdf\" target=\"_blank\" rel=\"noopener noreferrer\"><i>Berliner Morgenpost, 19.11.1994<\/i> pdf<\/a><\/strong> [\/et_pb_text][et_pb_text _builder_version=&#8221;3.10.1&#8243; border_width_top=&#8221;1px&#8221; border_color_top=&#8221;#e7ab37&#8243; custom_margin=&#8221;|||&#8221; custom_padding=&#8221;30px|||&#8221;] \u201eKlaus J\u00e4ckle hei\u00dft er, und ihm fehlt nur die Krone, um den vakanten Thron eines deutschen Vorzeige-Gitarristen einzunehmen. Technisch auf dem f\u00fcr Nebenger\u00e4usche so anf\u00e4lligen Instrument ebenso perfekt wie interpretatorisch einf\u00fchlsam, spielte er St\u00fccke von Alb\u00e9niz, wie sie vollkommener nicht zu spielen sind.\u201c <strong><i>(Schleswig-Holstein Musik-Festival, L\u00fcbecker Nachrichten)<\/i> <\/strong> [\/et_pb_text][et_pb_text _builder_version=&#8221;3.10.1&#8243; border_width_top=&#8221;1px&#8221; border_color_top=&#8221;#e7ab37&#8243; custom_margin=&#8221;|||&#8221; custom_padding=&#8221;30px|||&#8221;] \u201eDas war Poesie und Leidenschaft zugleich!\u201c <strong><i>(Badisches Tagblatt)<\/i><\/strong> [\/et_pb_text][et_pb_text _builder_version=&#8221;3.10.1&#8243; border_width_top=&#8221;1px&#8221; border_color_top=&#8221;#e7ab37&#8243; custom_margin=&#8221;|||&#8221; custom_padding=&#8221;30px|||&#8221;] \u00bb&#8230;\u2013 eine meisterhafte Interpretation.\u00ab <strong><i>(S\u00fcddeutsche Zeitung)<\/i><\/strong> [\/et_pb_text][\/et_pb_column][\/et_pb_row][\/et_pb_section]<\/p>\n","protected":false},"excerpt":{"rendered":"<p>\u00bbIch wurde schmerzlich ergriffen!\u00ab MUSIK MERAN\/kulturverein brixen: Schuberts au\u00dfergew\u00f6hnliche Winterreise mit Tilman Lichdi und Klaus J\u00e4ckle Bei zwei Matineen f\u00fcr Sch\u00fcler und zwei Abendkonzerten \u2026 wird die Winterreise von Franz Schubert mit Tenor Tilman Lichdi und dem Gitarristen Klaus J\u00e4ckle zum au\u00dfergew\u00f6hnlichen Ereignis der Liedinterpretation, die ihresgleichen nicht zu \u00fcbertreffen ist. Dolomiten 25.2.2019 &nbsp; &nbsp; [&hellip;]<\/p>\n","protected":false},"author":1,"featured_media":0,"parent":1604,"menu_order":0,"comment_status":"closed","ping_status":"closed","template":"","meta":{"_et_pb_use_builder":"on","_et_pb_old_content":"","_et_gb_content_width":"","footnotes":""},"_links":{"self":[{"href":"https:\/\/www.classicalguitar.de\/en\/wp-json\/wp\/v2\/pages\/1609"}],"collection":[{"href":"https:\/\/www.classicalguitar.de\/en\/wp-json\/wp\/v2\/pages"}],"about":[{"href":"https:\/\/www.classicalguitar.de\/en\/wp-json\/wp\/v2\/types\/page"}],"author":[{"embeddable":true,"href":"https:\/\/www.classicalguitar.de\/en\/wp-json\/wp\/v2\/users\/1"}],"replies":[{"embeddable":true,"href":"https:\/\/www.classicalguitar.de\/en\/wp-json\/wp\/v2\/comments?post=1609"}],"version-history":[{"count":1,"href":"https:\/\/www.classicalguitar.de\/en\/wp-json\/wp\/v2\/pages\/1609\/revisions"}],"predecessor-version":[{"id":1610,"href":"https:\/\/www.classicalguitar.de\/en\/wp-json\/wp\/v2\/pages\/1609\/revisions\/1610"}],"up":[{"embeddable":true,"href":"https:\/\/www.classicalguitar.de\/en\/wp-json\/wp\/v2\/pages\/1604"}],"wp:attachment":[{"href":"https:\/\/www.classicalguitar.de\/en\/wp-json\/wp\/v2\/media?parent=1609"}],"curies":[{"name":"wp","href":"https:\/\/api.w.org\/{rel}","templated":true}]}}