{"id":1619,"date":"2019-06-05T14:32:40","date_gmt":"2019-06-05T12:32:40","guid":{"rendered":"http:\/\/www.classicalguitar.de\/?page_id=1619"},"modified":"2019-06-05T14:32:40","modified_gmt":"2019-06-05T12:32:40","slug":"order-sheet-music","status":"publish","type":"page","link":"https:\/\/www.classicalguitar.de\/en\/for-guitarists\/order-sheet-music\/","title":{"rendered":"Order Sheet Music"},"content":{"rendered":"<p>[et_pb_section fb_built=&#8221;1&#8243; _builder_version=&#8221;3.0.98&#8243; background_color=&#8221;#fffddc&#8221;][et_pb_row _builder_version=&#8221;3.0.47&#8243; background_size=&#8221;initial&#8221; background_position=&#8221;top_left&#8221; background_repeat=&#8221;repeat&#8221;][et_pb_column type=&#8221;1_3&#8243; _builder_version=&#8221;3.0.47&#8243; parallax=&#8221;off&#8221; parallax_method=&#8221;on&#8221;][et_pb_image src=&#8221;http:\/\/www.classicalguitar.de\/wp-content\/uploads\/2018\/07\/PIC00891-250.jpg&#8221; align=&#8221;right&#8221; _builder_version=&#8221;3.10.1&#8243; border_width_all=&#8221;1px&#8221; border_color_all=&#8221;#e7ab37&#8243;][\/et_pb_image][\/et_pb_column][et_pb_column type=&#8221;2_3&#8243; _builder_version=&#8221;3.0.47&#8243; parallax=&#8221;off&#8221; parallax_method=&#8221;on&#8221;][et_pb_text _builder_version=&#8221;3.0.98&#8243;]Alle Noten und CDs k\u00f6nnen auch \u00fcber mich direkt bezogen werden! Klaus J\u00e4ckle F\u00fcrther Str. 12 D 90429 N\u00fcrnberg Telefon: 0911 &#8211; 647 3169 Email: <strong><a href=\"mailto:info@classicalguitar.de\">info@classicalguitar.de<\/a><\/strong> [\/et_pb_text][\/et_pb_column][\/et_pb_row][\/et_pb_section]<\/p>\n","protected":false},"excerpt":{"rendered":"<p>Alle Noten und CDs k\u00f6nnen auch \u00fcber mich direkt bezogen werden! Klaus J\u00e4ckle F\u00fcrther Str. 12 D 90429 N\u00fcrnberg Telefon: 0911 &#8211; 647 3169 Email: info@classicalguitar.de<\/p>\n","protected":false},"author":1,"featured_media":0,"parent":1611,"menu_order":0,"comment_status":"closed","ping_status":"closed","template":"","meta":{"_et_pb_use_builder":"on","_et_pb_old_content":"","_et_gb_content_width":"","footnotes":""},"_links":{"self":[{"href":"https:\/\/www.classicalguitar.de\/en\/wp-json\/wp\/v2\/pages\/1619"}],"collection":[{"href":"https:\/\/www.classicalguitar.de\/en\/wp-json\/wp\/v2\/pages"}],"about":[{"href":"https:\/\/www.classicalguitar.de\/en\/wp-json\/wp\/v2\/types\/page"}],"author":[{"embeddable":true,"href":"https:\/\/www.classicalguitar.de\/en\/wp-json\/wp\/v2\/users\/1"}],"replies":[{"embeddable":true,"href":"https:\/\/www.classicalguitar.de\/en\/wp-json\/wp\/v2\/comments?post=1619"}],"version-history":[{"count":1,"href":"https:\/\/www.classicalguitar.de\/en\/wp-json\/wp\/v2\/pages\/1619\/revisions"}],"predecessor-version":[{"id":1620,"href":"https:\/\/www.classicalguitar.de\/en\/wp-json\/wp\/v2\/pages\/1619\/revisions\/1620"}],"up":[{"embeddable":true,"href":"https:\/\/www.classicalguitar.de\/en\/wp-json\/wp\/v2\/pages\/1611"}],"wp:attachment":[{"href":"https:\/\/www.classicalguitar.de\/en\/wp-json\/wp\/v2\/media?parent=1619"}],"curies":[{"name":"wp","href":"https:\/\/api.w.org\/{rel}","templated":true}]}}